{"id":255,"date":"2014-03-05T16:49:15","date_gmt":"2014-03-05T16:49:15","guid":{"rendered":"http:\/\/localhost\/magicreche\/?page_id=9"},"modified":"2026-03-13T20:19:20","modified_gmt":"2026-03-13T18:19:20","slug":"activities","status":"publish","type":"page","link":"https:\/\/www.kibe-kunterbunt.ch\/?page_id=255","title":{"rendered":"Unsere Werte"},"content":{"rendered":"\n<div class=\"inherit-container-width wp-block-group is-layout-constrained wp-block-group-is-layout-constrained\"><div class=\"wp-block-group__inner-container\">\n<div class=\"wp-block-columns is-layout-flex wp-container-core-columns-is-layout-28f84493 wp-block-columns-is-layout-flex\">\n<div class=\"wp-block-column is-layout-flow wp-block-column-is-layout-flow\">\n<h3 class=\"wp-block-heading has-text-align-center\">F\u00f6rdern<\/h3>\n\n\n\n<figure class=\"wp-block-image size-large\"><img loading=\"lazy\" decoding=\"async\" width=\"640\" height=\"426\" src=\"http:\/\/www.kibe-kunterbunt.ch\/wp-content\/uploads\/2020\/09\/play-1679587_640.jpg\" alt=\"\" class=\"wp-image-1356\" srcset=\"https:\/\/www.kibe-kunterbunt.ch\/wp-content\/uploads\/2020\/09\/play-1679587_640.jpg 640w, https:\/\/www.kibe-kunterbunt.ch\/wp-content\/uploads\/2020\/09\/play-1679587_640-300x200.jpg 300w\" sizes=\"auto, (max-width: 640px) 100vw, 640px\" \/><\/figure>\n\n\n\n<p>Die Kibe m\u00f6chte den Kindern einen Ort der Geborgenheit vermitteln, damit sich jedes Kind seinen Bed\u00fcrfnissen entsprechend entfalten und entwickeln kann. Die Kinder erhalten Unterst\u00fctzung in ihrem Wirken und in der Entwicklung ihrer Selbst-, Sozial- und Sachkompetenz. Sie lernen durch die verschiedensten Erfahrungen in der Gruppe sich zu integrieren, Selbst\u00e4ndigkeit zu erlangen und Verantwortung f\u00fcr sich und andere zu \u00fcbernehmen. Sie lernen aber auch, in der Gruppe konstruktiv Konflikte zu l\u00f6sen und auszutragen. Das Zusammengeh\u00f6rigkeitsgef\u00fchl und die gegenseitige R\u00fccksichtnahme der Kinder werden gef\u00f6rdert.<\/p>\n\n\n\n<p>Bei der F\u00f6rderung wird von den Bed\u00fcrfnissen der Kinder, von ihren St\u00e4rken und Schw\u00e4chen ausgegangen. Es wird darauf geachtet, die verschiedenen Entwicklungsbereiche und Altersstufen der Kinder anzusprechen. Die Arbeit mit den Kindern wird regelm\u00e4ssig an Teamsitzungen\/ Weiterbildungen reflektiert, um zu \u00fcberpr\u00fcfen, welche Ziele erreicht wurden und um neue festzulegen.<\/p>\n\n\n\n<p><\/p>\n<\/div>\n\n\n\n<div class=\"wp-block-column is-layout-flow wp-block-column-is-layout-flow\">\n<h3 class=\"wp-block-heading has-text-align-center\">Spielen<\/h3>\n\n\n\n<figure class=\"wp-block-image size-large\"><img loading=\"lazy\" decoding=\"async\" width=\"640\" height=\"426\" src=\"http:\/\/www.kibe-kunterbunt.ch\/wp-content\/uploads\/2020\/09\/child-1864718_640.jpg\" alt=\"\" class=\"wp-image-1355\" srcset=\"https:\/\/www.kibe-kunterbunt.ch\/wp-content\/uploads\/2020\/09\/child-1864718_640.jpg 640w, https:\/\/www.kibe-kunterbunt.ch\/wp-content\/uploads\/2020\/09\/child-1864718_640-300x200.jpg 300w\" sizes=\"auto, (max-width: 640px) 100vw, 640px\" \/><\/figure>\n\n\n\n<p>Die Kinder haben in der Kibe die Gelegenheit, sich mit anderen Kindern auseinanderzusetzen, mit ihnen zu spielen, sich aber auch alleine zu besch\u00e4ftigen. Die Kinder erhalten viel Raum f\u00fcr das Freispiel. Beim Freispiel entscheidet das Kind selber, was, mit wem und wie lange es spielen m\u00f6chte. Das Betreuungsteam macht mit den Kindern aber auch gezielte Aktivit\u00e4ten wie zum Beispiel Bilderbuchbetrachtung, gemeinsames Singen, Bewegungsspiele, gemeinsames Basteln und Malen, Backen, Spazierg\u00e4nge etc. <\/p>\n\n\n\n<p>Schulkinder, die die ausserschulische Betreuung besuchen, haben zudem die M\u00f6glichkeit in der Kibe die Hausaufgaben zu erledigen.<\/p>\n<\/div>\n<\/div>\n<\/div><\/div>\n\n\n\n<div class=\"inherit-container-width wp-block-group is-layout-constrained wp-block-group-is-layout-constrained\"><div class=\"wp-block-group__inner-container\">\n<div class=\"wp-block-columns is-layout-flex wp-container-core-columns-is-layout-28f84493 wp-block-columns-is-layout-flex\">\n<div class=\"wp-block-column is-layout-flow wp-block-column-is-layout-flow\">\n<p><\/p>\n\n\n\n<h3 class=\"wp-block-heading has-text-align-center\">Kreativit\u00e4t<\/h3>\n\n\n\n<figure class=\"wp-block-image size-large\"><img loading=\"lazy\" decoding=\"async\" width=\"640\" height=\"426\" src=\"http:\/\/www.kibe-kunterbunt.ch\/wp-content\/uploads\/2020\/09\/painting-5278892_640.jpg\" alt=\"\" class=\"wp-image-1363\" srcset=\"https:\/\/www.kibe-kunterbunt.ch\/wp-content\/uploads\/2020\/09\/painting-5278892_640.jpg 640w, https:\/\/www.kibe-kunterbunt.ch\/wp-content\/uploads\/2020\/09\/painting-5278892_640-300x200.jpg 300w\" sizes=\"auto, (max-width: 640px) 100vw, 640px\" \/><\/figure>\n\n\n\n<p style=\"font-size:15px\">Damit die Kinder ihre grosse Kreativit\u00e4t ausleben k\u00f6nnen, stehen ihnen in den R\u00e4umlichkeiten der Kibe verschiedene Bastel- und Gestaltungsm\u00f6glichkeiten zur Verf\u00fcgung. Dort haben die Kinder die M\u00f6glichkeit, mit Farbe, Leim, Wertlosmaterialien usw. fantasievolle Eigenkreationen zu schaffen. Das Betreuungsteam bastelt und gestaltet gemeinsam mit den Kindern auch Dekorationen f\u00fcr die Kibe sowie Geschenke f\u00fcr Zuhause.<\/p>\n\n\n\n<p><\/p>\n\n\n\n<p><\/p>\n\n\n\n<p><\/p>\n<\/div>\n\n\n\n<div class=\"wp-block-column is-layout-flow wp-block-column-is-layout-flow\">\n<p><\/p>\n\n\n\n<h3 class=\"wp-block-heading has-text-align-center\">Natur<\/h3>\n\n\n\n<figure class=\"wp-block-image size-large\"><img loading=\"lazy\" decoding=\"async\" width=\"640\" height=\"432\" src=\"http:\/\/www.kibe-kunterbunt.ch\/wp-content\/uploads\/2020\/09\/boy-1209964_640.jpg\" alt=\"\" class=\"wp-image-1357\" srcset=\"https:\/\/www.kibe-kunterbunt.ch\/wp-content\/uploads\/2020\/09\/boy-1209964_640.jpg 640w, https:\/\/www.kibe-kunterbunt.ch\/wp-content\/uploads\/2020\/09\/boy-1209964_640-300x203.jpg 300w\" sizes=\"auto, (max-width: 640px) 100vw, 640px\" \/><\/figure>\n\n\n\n<p>Das Betreuungsteam der Kibe geht mit den Kindern mindestens einmal t\u00e4glich (bei jedem Wetter) nach draussen. Die Kibe verf\u00fcgt \u00fcber einen  eigenen Garten mit diversen Spielm\u00f6glichkeiten. Es werden mit den Kindern aber auch Ausfl\u00fcge in den nahe gelegenen Wald, auf den Spielplatz etc. gemacht.<\/p>\n\n\n\n<p>Die Kinder sollen in der Kibe die M\u00f6glichkeit haben, zu lernen, zu Mensch, Tier und Natur Sorge zu tragen. Das Betreuungsteam stellt die gezielten Aktivit\u00e4ten regelm\u00e4ssig unter ein bestimmtes Thema, wobei in diesem Rahmen oftmals Themen der Natur wie Bauernhof, Fr\u00fchling, Wald etc. gew\u00e4hlt werden.<\/p>\n<\/div>\n<\/div>\n\n\n\n<div class=\"wp-block-columns is-layout-flex wp-container-core-columns-is-layout-28f84493 wp-block-columns-is-layout-flex\">\n<div class=\"wp-block-column is-layout-flow wp-block-column-is-layout-flow\" style=\"flex-basis:25%\"><\/div>\n\n\n\n<div class=\"wp-block-column is-layout-flow wp-block-column-is-layout-flow\" style=\"flex-basis:50%\">\n<p><\/p>\n\n\n\n<h3 class=\"wp-block-heading has-text-align-center\">Mahlzeiten<\/h3>\n\n\n\n<figure class=\"wp-block-image size-large\"><img loading=\"lazy\" decoding=\"async\" width=\"640\" height=\"427\" src=\"http:\/\/www.kibe-kunterbunt.ch\/wp-content\/uploads\/2020\/09\/kindergarten-2456159_640.jpg\" alt=\"\" class=\"wp-image-1360\" srcset=\"https:\/\/www.kibe-kunterbunt.ch\/wp-content\/uploads\/2020\/09\/kindergarten-2456159_640.jpg 640w, https:\/\/www.kibe-kunterbunt.ch\/wp-content\/uploads\/2020\/09\/kindergarten-2456159_640-300x200.jpg 300w\" sizes=\"auto, (max-width: 640px) 100vw, 640px\" \/><\/figure>\n\n\n\n<p>Die Kinder haben die M\u00f6glichkeit in der Kibe folgende Mahlzeiten einzunehmen:<br>\u2022 Zn\u00fcni<br>\u2022 Mittagessen<br>\u2022 Zvieri<br>Dabei wird auf eine ausgewogene, kindgerechte Ern\u00e4hrung geachtet. Die Mahlzeiten werden t\u00e4glich frisch in der Kibe zu bereitet. Die Kinder erhalten auch immer wieder die M\u00f6glichkeit, bei der Zubereitung und beim Kochen mitzuhelfen.<\/p>\n<\/div>\n\n\n\n<div class=\"wp-block-column is-layout-flow wp-block-column-is-layout-flow\" style=\"flex-basis:25%\"><\/div>\n<\/div>\n\n\n\n<p><\/p>\n<\/div><\/div>\n\n\n\n<div class=\"inherit-container-width wp-block-group is-layout-constrained wp-block-group-is-layout-constrained\"><div class=\"wp-block-group__inner-container\"><\/div><\/div>\n\n\n\n<p><\/p>\n","protected":false},"excerpt":{"rendered":"<p>F\u00f6rdern Die Kibe m\u00f6chte den Kindern einen Ort der Geborgenheit vermitteln, damit sich jedes Kind seinen Bed\u00fcrfnissen entsprechend entfalten und entwickeln kann. Die Kinder erhalten Unterst\u00fctzung in ihrem Wirken und in der Entwicklung ihrer Selbst-, Sozial- und Sachkompetenz. Sie lernen durch die verschiedensten Erfahrungen in der Gruppe sich zu integrieren, Selbst\u00e4ndigkeit zu erlangen und Verantwortung [&hellip;]<\/p>\n","protected":false},"author":5,"featured_media":0,"parent":0,"menu_order":5,"comment_status":"closed","ping_status":"closed","template":"","meta":{"_uag_custom_page_level_css":"","site-sidebar-layout":"default","site-content-layout":"default","ast-site-content-layout":"default","site-content-style":"default","site-sidebar-style":"default","ast-global-header-display":"","ast-banner-title-visibility":"","ast-main-header-display":"","ast-hfb-above-header-display":"","ast-hfb-below-header-display":"","ast-hfb-mobile-header-display":"","site-post-title":"","ast-breadcrumbs-content":"","ast-featured-img":"","footer-sml-layout":"","ast-disable-related-posts":"","theme-transparent-header-meta":"default","adv-header-id-meta":"","stick-header-meta":"default","header-above-stick-meta":"","header-main-stick-meta":"","header-below-stick-meta":"","astra-migrate-meta-layouts":"set","ast-page-background-enabled":"default","ast-page-background-meta":{"desktop":{"background-color":"","background-image":"","background-repeat":"repeat","background-position":"center center","background-size":"auto","background-attachment":"scroll","background-type":"","background-media":"","overlay-type":"","overlay-color":"","overlay-opacity":"","overlay-gradient":""},"tablet":{"background-color":"","background-image":"","background-repeat":"repeat","background-position":"center center","background-size":"auto","background-attachment":"scroll","background-type":"","background-media":"","overlay-type":"","overlay-color":"","overlay-opacity":"","overlay-gradient":""},"mobile":{"background-color":"","background-image":"","background-repeat":"repeat","background-position":"center center","background-size":"auto","background-attachment":"scroll","background-type":"","background-media":"","overlay-type":"","overlay-color":"","overlay-opacity":"","overlay-gradient":""}},"ast-content-background-meta":{"desktop":{"background-color":"var(--ast-global-color-5)","background-image":"","background-repeat":"repeat","background-position":"center center","background-size":"auto","background-attachment":"scroll","background-type":"","background-media":"","overlay-type":"","overlay-color":"","overlay-opacity":"","overlay-gradient":""},"tablet":{"background-color":"var(--ast-global-color-5)","background-image":"","background-repeat":"repeat","background-position":"center center","background-size":"auto","background-attachment":"scroll","background-type":"","background-media":"","overlay-type":"","overlay-color":"","overlay-opacity":"","overlay-gradient":""},"mobile":{"background-color":"var(--ast-global-color-5)","background-image":"","background-repeat":"repeat","background-position":"center center","background-size":"auto","background-attachment":"scroll","background-type":"","background-media":"","overlay-type":"","overlay-color":"","overlay-opacity":"","overlay-gradient":""}},"footnotes":""},"class_list":["post-255","page","type-page","status-publish","hentry"],"uagb_featured_image_src":{"full":false,"thumbnail":false,"medium":false,"medium_large":false,"large":false,"1536x1536":false,"2048x2048":false},"uagb_author_info":{"display_name":"Kibe Kunterbunt","author_link":"https:\/\/www.kibe-kunterbunt.ch\/?author=5"},"uagb_comment_info":0,"uagb_excerpt":"F\u00f6rdern Die Kibe m\u00f6chte den Kindern einen Ort der Geborgenheit vermitteln, damit sich jedes Kind seinen Bed\u00fcrfnissen entsprechend entfalten und entwickeln kann. Die Kinder erhalten Unterst\u00fctzung in ihrem Wirken und in der Entwicklung ihrer Selbst-, Sozial- und Sachkompetenz. Sie lernen durch die verschiedensten Erfahrungen in der Gruppe sich zu integrieren, Selbst\u00e4ndigkeit zu erlangen und Verantwortung&hellip;","_links":{"self":[{"href":"https:\/\/www.kibe-kunterbunt.ch\/index.php?rest_route=\/wp\/v2\/pages\/255","targetHints":{"allow":["GET"]}}],"collection":[{"href":"https:\/\/www.kibe-kunterbunt.ch\/index.php?rest_route=\/wp\/v2\/pages"}],"about":[{"href":"https:\/\/www.kibe-kunterbunt.ch\/index.php?rest_route=\/wp\/v2\/types\/page"}],"author":[{"embeddable":true,"href":"https:\/\/www.kibe-kunterbunt.ch\/index.php?rest_route=\/wp\/v2\/users\/5"}],"replies":[{"embeddable":true,"href":"https:\/\/www.kibe-kunterbunt.ch\/index.php?rest_route=%2Fwp%2Fv2%2Fcomments&post=255"}],"version-history":[{"count":29,"href":"https:\/\/www.kibe-kunterbunt.ch\/index.php?rest_route=\/wp\/v2\/pages\/255\/revisions"}],"predecessor-version":[{"id":2429,"href":"https:\/\/www.kibe-kunterbunt.ch\/index.php?rest_route=\/wp\/v2\/pages\/255\/revisions\/2429"}],"wp:attachment":[{"href":"https:\/\/www.kibe-kunterbunt.ch\/index.php?rest_route=%2Fwp%2Fv2%2Fmedia&parent=255"}],"curies":[{"name":"wp","href":"https:\/\/api.w.org\/{rel}","templated":true}]}}