{"id":1551,"date":"2021-06-01T22:32:11","date_gmt":"2021-06-01T20:32:11","guid":{"rendered":"http:\/\/www.kibe-kunterbunt.ch\/?page_id=1551"},"modified":"2026-01-04T16:21:05","modified_gmt":"2026-01-04T14:21:05","slug":"vorstand","status":"publish","type":"page","link":"https:\/\/www.kibe-kunterbunt.ch\/?page_id=1551","title":{"rendered":"Vorstand"},"content":{"rendered":"\n<p class=\"has-text-align-center has-medium-font-size\">Unser Vorstand unterst\u00fctzt die Kibe Leitung aktiv. Er beaufsichtigt die Aktivit\u00e4ten der Struktur und tr\u00e4gt aktiv zum Wohlergehen der Kibe und des Personals bei.<br>Der Vorstand des Vereins Kibe Kunterbunt, Region Gurmels setzt sich aus folgenden Personen zusammen:<\/p>\n\n\n\n<p class=\"has-text-align-center has-medium-font-size\"><strong>Janine Wiltz<\/strong><\/p>\n\n\n\n<p class=\"has-text-align-center has-medium-font-size\"><strong>Bettina P\u00fcrro<\/strong><\/p>\n\n\n\n<p class=\"has-text-align-center has-medium-font-size\"><strong>Melina Jallard<\/strong><\/p>\n\n\n\n<p class=\"has-text-align-center has-medium-font-size\"><strong>Rahel Felser<\/strong><\/p>\n\n\n\n<p class=\"has-text-align-center has-medium-font-size\"><strong> Beatrice N\u00f6sberger<\/strong><\/p>\n\n\n\n<p><\/p>\n\n\n\n<p><\/p>\n","protected":false},"excerpt":{"rendered":"<p>Unser Vorstand unterst\u00fctzt die Kibe Leitung aktiv. Er beaufsichtigt die Aktivit\u00e4ten der Struktur und tr\u00e4gt aktiv zum Wohlergehen der Kibe und des Personals bei.Der Vorstand des Vereins Kibe Kunterbunt, Region Gurmels setzt sich aus folgenden Personen zusammen: Janine Wiltz Bettina P\u00fcrro Melina Jallard Rahel Felser Beatrice N\u00f6sberger<\/p>\n","protected":false},"author":5,"featured_media":0,"parent":0,"menu_order":0,"comment_status":"closed","ping_status":"closed","template":"","meta":{"_uag_custom_page_level_css":"","site-sidebar-layout":"default","site-content-layout":"default","ast-site-content-layout":"default","site-content-style":"default","site-sidebar-style":"default","ast-global-header-display":"","ast-banner-title-visibility":"","ast-main-header-display":"","ast-hfb-above-header-display":"","ast-hfb-below-header-display":"","ast-hfb-mobile-header-display":"","site-post-title":"","ast-breadcrumbs-content":"","ast-featured-img":"","footer-sml-layout":"","ast-disable-related-posts":"","theme-transparent-header-meta":"default","adv-header-id-meta":"","stick-header-meta":"default","header-above-stick-meta":"","header-main-stick-meta":"","header-below-stick-meta":"","astra-migrate-meta-layouts":"set","ast-page-background-enabled":"default","ast-page-background-meta":{"desktop":{"background-color":"","background-image":"","background-repeat":"repeat","background-position":"center center","background-size":"auto","background-attachment":"scroll","background-type":"","background-media":"","overlay-type":"","overlay-color":"","overlay-opacity":"","overlay-gradient":""},"tablet":{"background-color":"","background-image":"","background-repeat":"repeat","background-position":"center center","background-size":"auto","background-attachment":"scroll","background-type":"","background-media":"","overlay-type":"","overlay-color":"","overlay-opacity":"","overlay-gradient":""},"mobile":{"background-color":"","background-image":"","background-repeat":"repeat","background-position":"center center","background-size":"auto","background-attachment":"scroll","background-type":"","background-media":"","overlay-type":"","overlay-color":"","overlay-opacity":"","overlay-gradient":""}},"ast-content-background-meta":{"desktop":{"background-color":"var(--ast-global-color-5)","background-image":"","background-repeat":"repeat","background-position":"center center","background-size":"auto","background-attachment":"scroll","background-type":"","background-media":"","overlay-type":"","overlay-color":"","overlay-opacity":"","overlay-gradient":""},"tablet":{"background-color":"var(--ast-global-color-5)","background-image":"","background-repeat":"repeat","background-position":"center center","background-size":"auto","background-attachment":"scroll","background-type":"","background-media":"","overlay-type":"","overlay-color":"","overlay-opacity":"","overlay-gradient":""},"mobile":{"background-color":"var(--ast-global-color-5)","background-image":"","background-repeat":"repeat","background-position":"center center","background-size":"auto","background-attachment":"scroll","background-type":"","background-media":"","overlay-type":"","overlay-color":"","overlay-opacity":"","overlay-gradient":""}},"footnotes":""},"class_list":["post-1551","page","type-page","status-publish","hentry"],"uagb_featured_image_src":{"full":false,"thumbnail":false,"medium":false,"medium_large":false,"large":false,"1536x1536":false,"2048x2048":false},"uagb_author_info":{"display_name":"Kibe Kunterbunt","author_link":"https:\/\/www.kibe-kunterbunt.ch\/?author=5"},"uagb_comment_info":0,"uagb_excerpt":"Unser Vorstand unterst\u00fctzt die Kibe Leitung aktiv. Er beaufsichtigt die Aktivit\u00e4ten der Struktur und tr\u00e4gt aktiv zum Wohlergehen der Kibe und des Personals bei.Der Vorstand des Vereins Kibe Kunterbunt, Region Gurmels setzt sich aus folgenden Personen zusammen: Janine Wiltz Bettina P\u00fcrro Melina Jallard Rahel Felser Beatrice N\u00f6sberger","_links":{"self":[{"href":"https:\/\/www.kibe-kunterbunt.ch\/index.php?rest_route=\/wp\/v2\/pages\/1551","targetHints":{"allow":["GET"]}}],"collection":[{"href":"https:\/\/www.kibe-kunterbunt.ch\/index.php?rest_route=\/wp\/v2\/pages"}],"about":[{"href":"https:\/\/www.kibe-kunterbunt.ch\/index.php?rest_route=\/wp\/v2\/types\/page"}],"author":[{"embeddable":true,"href":"https:\/\/www.kibe-kunterbunt.ch\/index.php?rest_route=\/wp\/v2\/users\/5"}],"replies":[{"embeddable":true,"href":"https:\/\/www.kibe-kunterbunt.ch\/index.php?rest_route=%2Fwp%2Fv2%2Fcomments&post=1551"}],"version-history":[{"count":11,"href":"https:\/\/www.kibe-kunterbunt.ch\/index.php?rest_route=\/wp\/v2\/pages\/1551\/revisions"}],"predecessor-version":[{"id":2369,"href":"https:\/\/www.kibe-kunterbunt.ch\/index.php?rest_route=\/wp\/v2\/pages\/1551\/revisions\/2369"}],"wp:attachment":[{"href":"https:\/\/www.kibe-kunterbunt.ch\/index.php?rest_route=%2Fwp%2Fv2%2Fmedia&parent=1551"}],"curies":[{"name":"wp","href":"https:\/\/api.w.org\/{rel}","templated":true}]}}