{"id":1297,"date":"2020-09-22T22:27:49","date_gmt":"2020-09-22T20:27:49","guid":{"rendered":"http:\/\/www.kibe-kunterbunt.ch\/?page_id=1297"},"modified":"2026-04-06T21:57:03","modified_gmt":"2026-04-06T19:57:03","slug":"vsb","status":"publish","type":"page","link":"https:\/\/www.kibe-kunterbunt.ch\/?page_id=1297","title":{"rendered":"VSB"},"content":{"rendered":"\n<h4 class=\"wp-block-heading has-text-align-center\">Die Kibe ist f\u00fcr die vorschulische Betreuung von Montag \u2013 Freitag von 7.00 \u2013 18.00 Uhr ge\u00f6ffnet.<\/h4>\n\n\n\n<div class=\"wp-block-columns is-layout-flex wp-container-core-columns-is-layout-28f84493 wp-block-columns-is-layout-flex\">\n<div class=\"wp-block-column is-layout-flow wp-block-column-is-layout-flow\">\n<div class=\"wp-block-uagb-info-box uagb-block-5109aefe uagb-infobox__content-wrap  uagb-infobox-icon-above-title uagb-infobox-image-valign-top uagb-infobox__outer-wrap\"><div class=\"uagb-ifb-content\"><div class=\"uagb-ifb-icon-wrap\"><svg xmlns=\"https:\/\/www.w3.org\/2000\/svg\" viewBox=\"0 0 512 512\"><path d=\"M0 256C0 114.6 114.6 0 256 0C397.4 0 512 114.6 512 256C512 397.4 397.4 512 256 512C114.6 512 0 397.4 0 256zM371.8 211.8C382.7 200.9 382.7 183.1 371.8 172.2C360.9 161.3 343.1 161.3 332.2 172.2L224 280.4L179.8 236.2C168.9 225.3 151.1 225.3 140.2 236.2C129.3 247.1 129.3 264.9 140.2 275.8L204.2 339.8C215.1 350.7 232.9 350.7 243.8 339.8L371.8 211.8z\"><\/path><\/svg><\/div><div class=\"uagb-ifb-title-wrap\"><h4 class=\"uagb-ifb-title\">Ganzer Tag<\/h4><\/div><p class=\"uagb-ifb-desc\">07.00- 18.00 Uhr<br>Zn\u00fcni, Mittagessen und Zvieri<br><\/p><\/div><\/div>\n<\/div>\n\n\n\n<div class=\"wp-block-column is-layout-flow wp-block-column-is-layout-flow\">\n<div class=\"wp-block-uagb-info-box uagb-block-c8fd7b66 uagb-infobox__content-wrap  uagb-infobox-icon-above-title uagb-infobox-image-valign-top uagb-infobox__outer-wrap\"><div class=\"uagb-ifb-content\"><div class=\"uagb-ifb-icon-wrap\"><svg xmlns=\"https:\/\/www.w3.org\/2000\/svg\" viewBox=\"0 0 512 512\"><path d=\"M0 256C0 114.6 114.6 0 256 0C397.4 0 512 114.6 512 256C512 397.4 397.4 512 256 512C114.6 512 0 397.4 0 256zM371.8 211.8C382.7 200.9 382.7 183.1 371.8 172.2C360.9 161.3 343.1 161.3 332.2 172.2L224 280.4L179.8 236.2C168.9 225.3 151.1 225.3 140.2 236.2C129.3 247.1 129.3 264.9 140.2 275.8L204.2 339.8C215.1 350.7 232.9 350.7 243.8 339.8L371.8 211.8z\"><\/path><\/svg><\/div><div class=\"uagb-ifb-title-wrap\"><h4 class=\"uagb-ifb-title\">Vormittag mit Mittagessen<\/h4><\/div><p class=\"uagb-ifb-desc\">07.00- 13.15<br>Zn\u00fcni und Mittagessen<br><\/p><\/div><\/div>\n<\/div>\n\n\n\n<div class=\"wp-block-column is-layout-flow wp-block-column-is-layout-flow\">\n<div class=\"wp-block-uagb-info-box uagb-block-1688f5cf uagb-infobox__content-wrap  uagb-infobox-icon-above-title uagb-infobox-image-valign-top uagb-infobox__outer-wrap\"><div class=\"uagb-ifb-content\"><div class=\"uagb-ifb-icon-wrap\"><svg xmlns=\"https:\/\/www.w3.org\/2000\/svg\" viewBox=\"0 0 512 512\"><path d=\"M0 256C0 114.6 114.6 0 256 0C397.4 0 512 114.6 512 256C512 397.4 397.4 512 256 512C114.6 512 0 397.4 0 256zM371.8 211.8C382.7 200.9 382.7 183.1 371.8 172.2C360.9 161.3 343.1 161.3 332.2 172.2L224 280.4L179.8 236.2C168.9 225.3 151.1 225.3 140.2 236.2C129.3 247.1 129.3 264.9 140.2 275.8L204.2 339.8C215.1 350.7 232.9 350.7 243.8 339.8L371.8 211.8z\"><\/path><\/svg><\/div><div class=\"uagb-ifb-title-wrap\"><h4 class=\"uagb-ifb-title\">Nachmittag ohne Mittagessen<\/h4><\/div><p class=\"uagb-ifb-desc\">13.15- 18.00 Uhr<br>Zvieri<br><\/p><\/div><\/div>\n<\/div>\n<\/div>\n\n\n\n<div style=\"height:100px\" aria-hidden=\"true\" class=\"wp-block-spacer\"><\/div>\n\n\n\n<p class=\"has-text-align-center\">Sie ist jeweils zwischen Weihnachten und Neujahr geschlossen und hat im Sommer zwei Wochen Betriebsferien. Ebenfalls geschlossen ist die Kibe an folgenden Feiertagen:<\/p>\n\n\n\n<p class=\"has-text-align-center\">1. und 2. Januar, Karfreitag, Ostermontag, Auffahrt, Freitag nach Auffahrt, Pfingstmontag, Fronleichnam, 1. August, Mari\u00e4 Himmelfahrt, Allerheiligen, Mari\u00e4 Empf\u00e4ngnis , Weihnachtstag sowie Stephanstag.<\/p>\n\n\n\n<div class=\"wp-block-buttons is-horizontal is-content-justification-center is-layout-flex wp-container-core-buttons-is-layout-03627597 wp-block-buttons-is-layout-flex\">\n<div class=\"wp-block-button\"><a class=\"wp-block-button__link wp-element-button\" href=\"https:\/\/www.kibe-kunterbunt.ch\/wp-content\/uploads\/2026\/01\/Jahresplan-2026.pdf\">Jahresplan 2026<\/a><\/div>\n<\/div>\n\n\n\n<div style=\"height:45px\" aria-hidden=\"true\" class=\"wp-block-spacer\"><\/div>\n\n\n\n<p class=\"has-text-align-center\">In der vorschulischen Betreuung der Kibe werden Babys und Kinder ab 3 Monaten bis zum Kindergarteneintritt liebevoll und kompetent von ausgebildetem Fachpersonal betreut.<\/p>\n\n\n\n<p class=\"has-text-align-center\">Die Kinder m\u00fcssen f\u00fcr fixe Wochentage eingeschrieben werden. Die minimale Aufenthaltsdauer betr\u00e4gt einen ganzen Tag bzw. zwei halbe Tage.<\/p>\n\n\n\n<div style=\"height:66px\" aria-hidden=\"true\" class=\"wp-block-spacer\"><\/div>\n\n\n\n<h3 class=\"wp-block-heading has-text-align-center\">Tagesablauf<\/h3>\n\n\n\n<div class=\"wp-block-columns angebot_auflistung is-layout-flex wp-container-core-columns-is-layout-28f84493 wp-block-columns-is-layout-flex\">\n<div class=\"wp-block-column is-layout-flow wp-block-column-is-layout-flow\" style=\"flex-basis:33.33%\">\n<p class=\"has-text-align-center\">07.00- 9.00 Uhr<\/p>\n<\/div>\n\n\n\n<div class=\"wp-block-column is-layout-flow wp-block-column-is-layout-flow\" style=\"flex-basis:66.66%\">\n<p>\u00d6ffnung der Kibe.&nbsp;Die Kinder werden zwischen 7.00 und 9.00 Uhr in die Kibe gebracht, d.h. um 9..00 Uhr m\u00fcssen alle Vormittagskinder anwesend sein.<\/p>\n<\/div>\n<\/div>\n\n\n\n<div class=\"wp-block-columns angebot_auflistung is-layout-flex wp-container-core-columns-is-layout-28f84493 wp-block-columns-is-layout-flex\">\n<div class=\"wp-block-column is-layout-flow wp-block-column-is-layout-flow\" style=\"flex-basis:33.33%\">\n<p class=\"has-text-align-center\">09.00 &#8211; 11.45 Uhr<\/p>\n<\/div>\n\n\n\n<div class=\"wp-block-column is-layout-flow wp-block-column-is-layout-flow\" style=\"flex-basis:66.66%\">\n<p>Morgenkreis,  Zn\u00fcni, Freies Spiel und\/ oder gezielte Aktivit\u00e4ten<\/p>\n<\/div>\n<\/div>\n\n\n\n<div class=\"wp-block-columns angebot_auflistung is-layout-flex wp-container-core-columns-is-layout-28f84493 wp-block-columns-is-layout-flex\">\n<div class=\"wp-block-column is-layout-flow wp-block-column-is-layout-flow\" style=\"flex-basis:33.33%\">\n<p class=\"has-text-align-center\">11.30 Uhr<\/p>\n<\/div>\n\n\n\n<div class=\"wp-block-column is-layout-flow wp-block-column-is-layout-flow\" style=\"flex-basis:66.66%\">\n<p>Gemeinsames Mittagessen<\/p>\n<\/div>\n<\/div>\n\n\n\n<div class=\"wp-block-columns angebot_auflistung is-layout-flex wp-container-core-columns-is-layout-28f84493 wp-block-columns-is-layout-flex\">\n<div class=\"wp-block-column is-layout-flow wp-block-column-is-layout-flow\" style=\"flex-basis:33.33%\">\n<p class=\"has-text-align-center\">12.45 &#8211; 14.15 Uhr<\/p>\n<\/div>\n\n\n\n<div class=\"wp-block-column is-layout-flow wp-block-column-is-layout-flow\" style=\"flex-basis:66.66%\">\n<p>Mittagsruhe\/ Freies Spiel<\/p>\n<\/div>\n<\/div>\n\n\n\n<div class=\"wp-block-columns angebot_auflistung is-layout-flex wp-container-core-columns-is-layout-28f84493 wp-block-columns-is-layout-flex\">\n<div class=\"wp-block-column is-layout-flow wp-block-column-is-layout-flow\" style=\"flex-basis:33.33%\">\n<p class=\"has-text-align-center\">13.00- 13.15 Uhr<\/p>\n<\/div>\n\n\n\n<div class=\"wp-block-column is-layout-flow wp-block-column-is-layout-flow\" style=\"flex-basis:66.66%\">\n<p>Die Vormittagskinder, welche in der Kibe das Mittagessen eingenommen haben, werden abgeholt.<\/p>\n<\/div>\n<\/div>\n\n\n\n<div class=\"wp-block-columns angebot_auflistung is-layout-flex wp-container-core-columns-is-layout-28f84493 wp-block-columns-is-layout-flex\">\n<div class=\"wp-block-column is-layout-flow wp-block-column-is-layout-flow\" style=\"flex-basis:33.33%\">\n<p class=\"has-text-align-center\">13.15- 13.30 Uhr<\/p>\n<\/div>\n\n\n\n<div class=\"wp-block-column is-layout-flow wp-block-column-is-layout-flow\" style=\"flex-basis:66.66%\">\n<p>Die Nachmittagskinder werden gebracht<\/p>\n<\/div>\n<\/div>\n\n\n\n<div class=\"wp-block-columns angebot_auflistung is-layout-flex wp-container-core-columns-is-layout-28f84493 wp-block-columns-is-layout-flex\">\n<div class=\"wp-block-column is-layout-flow wp-block-column-is-layout-flow\" style=\"flex-basis:33.33%\">\n<p class=\"has-text-align-center\">14.15- 16.30 Uhr<\/p>\n<\/div>\n\n\n\n<div class=\"wp-block-column is-layout-flow wp-block-column-is-layout-flow\" style=\"flex-basis:66.66%\">\n<p>Freies Spiel und\/oder gezielte Aktivit\u00e4ten, Zvieri<\/p>\n<\/div>\n<\/div>\n\n\n\n<div class=\"wp-block-columns angebot_auflistung is-layout-flex wp-container-core-columns-is-layout-28f84493 wp-block-columns-is-layout-flex\">\n<div class=\"wp-block-column is-layout-flow wp-block-column-is-layout-flow\" style=\"flex-basis:33.33%\">\n<p class=\"has-text-align-center\">16.30- 18.00 Uhr<\/p>\n<\/div>\n\n\n\n<div class=\"wp-block-column is-layout-flow wp-block-column-is-layout-flow\" style=\"flex-basis:66.66%\">\n<p>Freies Spiel\/ Abholen der Kinder<\/p>\n<\/div>\n<\/div>\n\n\n\n<div class=\"wp-block-columns angebot_auflistung is-layout-flex wp-container-core-columns-is-layout-28f84493 wp-block-columns-is-layout-flex\">\n<div class=\"wp-block-column is-layout-flow wp-block-column-is-layout-flow\" style=\"flex-basis:33.33%\">\n<p class=\"has-text-align-center\">18:00 Uhr<\/p>\n<\/div>\n\n\n\n<div class=\"wp-block-column is-layout-flow wp-block-column-is-layout-flow\" style=\"flex-basis:66.66%\">\n<p>Schliessung der Kibe. Die Kinder m\u00fcssen deshalb vor 18:00 Uhr abgeholt werden.<\/p>\n<\/div>\n<\/div>\n\n\n\n<hr class=\"wp-block-separator has-css-opacity\"\/>\n\n\n\n<div style=\"height:42px\" aria-hidden=\"true\" class=\"wp-block-spacer\"><\/div>\n\n\n\n<div class=\"wp-block-columns is-layout-flex wp-container-core-columns-is-layout-28f84493 wp-block-columns-is-layout-flex\">\n<div class=\"wp-block-column is-layout-flow wp-block-column-is-layout-flow\">\n<div class=\"wp-block-buttons is-horizontal is-content-justification-right is-layout-flex wp-container-core-buttons-is-layout-30af2ff6 wp-block-buttons-is-layout-flex\">\n<div class=\"wp-block-button\"><a class=\"wp-block-button__link wp-element-button\" href=\"https:\/\/www.kibe-kunterbunt.ch\/wp-content\/uploads\/2025\/12\/Tarife-VSB-1.4.2025.pdf\">Tariftabelle VSB<\/a><\/div>\n<\/div>\n<\/div>\n\n\n\n<div class=\"wp-block-column is-layout-flow wp-block-column-is-layout-flow\">\n<div class=\"wp-block-buttons is-layout-flex wp-block-buttons-is-layout-flex\">\n<div class=\"wp-block-button\"><a class=\"wp-block-button__link wp-element-button\" href=\"https:\/\/www.kibe-kunterbunt.ch\/wp-content\/uploads\/2023\/02\/Voranmeldung_23.pdf\" target=\"_blank\" rel=\"noreferrer noopener\">Voranmeldung<\/a><\/div>\n<\/div>\n<\/div>\n<\/div>\n\n\n\n<div style=\"height:27px\" aria-hidden=\"true\" class=\"wp-block-spacer\"><\/div>\n\n\n\n<div class=\"wp-block-buttons is-horizontal is-content-justification-center is-layout-flex wp-container-core-buttons-is-layout-03627597 wp-block-buttons-is-layout-flex\">\n<div class=\"wp-block-button\"><a class=\"wp-block-button__link wp-element-button\" href=\"http:\/\/www.kibe-kunterbunt.ch\/wp-content\/uploads\/2020\/09\/Beitra\u0308ge-fu\u0308r-Kinderbetreuungspla\u0308tze.pdf\" target=\"_blank\" rel=\"noreferrer noopener\">Beitr\u00e4ge Kinderbetreuungsplatz<\/a><\/div>\n<\/div>\n\n\n\n<div style=\"height:27px\" aria-hidden=\"true\" class=\"wp-block-spacer\"><\/div>\n\n\n\n<div class=\"wp-block-buttons alignwide is-content-justification-center is-layout-flex wp-container-core-buttons-is-layout-a89b3969 wp-block-buttons-is-layout-flex\">\n<div class=\"wp-block-button\"><a class=\"wp-block-button__link wp-element-button\" href=\"https:\/\/www.kibe-kunterbunt.ch\/wp-content\/uploads\/2026\/04\/Menueplan_06.04.-08.05.2026.pdf\">Men\u00fcpl\u00e4ne<\/a><\/div>\n<\/div>\n\n\n\n<p><\/p>\n","protected":false},"excerpt":{"rendered":"<p>Die Kibe ist f\u00fcr die vorschulische Betreuung von Montag \u2013 Freitag von 7.00 \u2013 18.00 Uhr ge\u00f6ffnet. Sie ist jeweils zwischen Weihnachten und Neujahr geschlossen und hat im Sommer zwei Wochen Betriebsferien. Ebenfalls geschlossen ist die Kibe an folgenden Feiertagen: 1. und 2. Januar, Karfreitag, Ostermontag, Auffahrt, Freitag nach Auffahrt, Pfingstmontag, Fronleichnam, 1. August, Mari\u00e4 [&hellip;]<\/p>\n","protected":false},"author":5,"featured_media":0,"parent":0,"menu_order":0,"comment_status":"closed","ping_status":"closed","template":"","meta":{"_uag_custom_page_level_css":"","site-sidebar-layout":"default","site-content-layout":"default","ast-site-content-layout":"default","site-content-style":"default","site-sidebar-style":"default","ast-global-header-display":"","ast-banner-title-visibility":"","ast-main-header-display":"","ast-hfb-above-header-display":"","ast-hfb-below-header-display":"","ast-hfb-mobile-header-display":"","site-post-title":"disabled","ast-breadcrumbs-content":"","ast-featured-img":"","footer-sml-layout":"","ast-disable-related-posts":"","theme-transparent-header-meta":"default","adv-header-id-meta":"","stick-header-meta":"default","header-above-stick-meta":"","header-main-stick-meta":"","header-below-stick-meta":"","astra-migrate-meta-layouts":"set","ast-page-background-enabled":"default","ast-page-background-meta":{"desktop":{"background-color":"","background-image":"","background-repeat":"repeat","background-position":"center center","background-size":"auto","background-attachment":"scroll","background-type":"","background-media":"","overlay-type":"","overlay-color":"","overlay-opacity":"","overlay-gradient":""},"tablet":{"background-color":"","background-image":"","background-repeat":"repeat","background-position":"center center","background-size":"auto","background-attachment":"scroll","background-type":"","background-media":"","overlay-type":"","overlay-color":"","overlay-opacity":"","overlay-gradient":""},"mobile":{"background-color":"","background-image":"","background-repeat":"repeat","background-position":"center center","background-size":"auto","background-attachment":"scroll","background-type":"","background-media":"","overlay-type":"","overlay-color":"","overlay-opacity":"","overlay-gradient":""}},"ast-content-background-meta":{"desktop":{"background-color":"var(--ast-global-color-5)","background-image":"","background-repeat":"repeat","background-position":"center center","background-size":"auto","background-attachment":"scroll","background-type":"","background-media":"","overlay-type":"","overlay-color":"","overlay-opacity":"","overlay-gradient":""},"tablet":{"background-color":"var(--ast-global-color-5)","background-image":"","background-repeat":"repeat","background-position":"center center","background-size":"auto","background-attachment":"scroll","background-type":"","background-media":"","overlay-type":"","overlay-color":"","overlay-opacity":"","overlay-gradient":""},"mobile":{"background-color":"var(--ast-global-color-5)","background-image":"","background-repeat":"repeat","background-position":"center center","background-size":"auto","background-attachment":"scroll","background-type":"","background-media":"","overlay-type":"","overlay-color":"","overlay-opacity":"","overlay-gradient":""}},"footnotes":""},"class_list":["post-1297","page","type-page","status-publish","hentry"],"uagb_featured_image_src":{"full":false,"thumbnail":false,"medium":false,"medium_large":false,"large":false,"1536x1536":false,"2048x2048":false},"uagb_author_info":{"display_name":"Kibe Kunterbunt","author_link":"https:\/\/www.kibe-kunterbunt.ch\/?author=5"},"uagb_comment_info":0,"uagb_excerpt":"Die Kibe ist f\u00fcr die vorschulische Betreuung von Montag \u2013 Freitag von 7.00 \u2013 18.00 Uhr ge\u00f6ffnet. Sie ist jeweils zwischen Weihnachten und Neujahr geschlossen und hat im Sommer zwei Wochen Betriebsferien. Ebenfalls geschlossen ist die Kibe an folgenden Feiertagen: 1. und 2. Januar, Karfreitag, Ostermontag, Auffahrt, Freitag nach Auffahrt, Pfingstmontag, Fronleichnam, 1. August, Mari\u00e4&hellip;","_links":{"self":[{"href":"https:\/\/www.kibe-kunterbunt.ch\/index.php?rest_route=\/wp\/v2\/pages\/1297","targetHints":{"allow":["GET"]}}],"collection":[{"href":"https:\/\/www.kibe-kunterbunt.ch\/index.php?rest_route=\/wp\/v2\/pages"}],"about":[{"href":"https:\/\/www.kibe-kunterbunt.ch\/index.php?rest_route=\/wp\/v2\/types\/page"}],"author":[{"embeddable":true,"href":"https:\/\/www.kibe-kunterbunt.ch\/index.php?rest_route=\/wp\/v2\/users\/5"}],"replies":[{"embeddable":true,"href":"https:\/\/www.kibe-kunterbunt.ch\/index.php?rest_route=%2Fwp%2Fv2%2Fcomments&post=1297"}],"version-history":[{"count":70,"href":"https:\/\/www.kibe-kunterbunt.ch\/index.php?rest_route=\/wp\/v2\/pages\/1297\/revisions"}],"predecessor-version":[{"id":2439,"href":"https:\/\/www.kibe-kunterbunt.ch\/index.php?rest_route=\/wp\/v2\/pages\/1297\/revisions\/2439"}],"wp:attachment":[{"href":"https:\/\/www.kibe-kunterbunt.ch\/index.php?rest_route=%2Fwp%2Fv2%2Fmedia&parent=1297"}],"curies":[{"name":"wp","href":"https:\/\/api.w.org\/{rel}","templated":true}]}}